{"id":17,"date":"2025-06-25T02:37:44","date_gmt":"2025-06-25T02:37:44","guid":{"rendered":"https:\/\/myamiservices.net\/?page_id=17"},"modified":"2025-07-07T07:58:19","modified_gmt":"2025-07-06T23:58:19","slug":"sobre-nosotros","status":"publish","type":"page","link":"https:\/\/myamiservices.net\/?page_id=17","title":{"rendered":"SOBRE NOSOTROS"},"content":{"rendered":"\t\t<div data-elementor-type=\"wp-page\" data-elementor-id=\"17\" class=\"elementor elementor-17\">\n\t\t\t\t<div class=\"elementor-element elementor-element-cdc90c e-flex e-con-boxed e-con e-parent\" data-id=\"cdc90c\" data-element_type=\"container\">\n\t\t\t\t\t<div class=\"e-con-inner\">\n\t\t\t\t<div class=\"elementor-element elementor-element-4ec91db1 elementor-widget elementor-widget-text-editor\" data-id=\"4ec91db1\" data-element_type=\"widget\" data-widget_type=\"text-editor.default\">\n\t\t\t\t<div class=\"elementor-widget-container\">\n\t\t\t\t\t\t\t\t\t\n<h2 class=\"wp-block-heading\">\u00a0<\/h2>\n\n<p>En Myami Services, ayudamos a nuestra comunidad a crecer, cumplir y protegerse con soluciones de taxes, contabilidad, licencias y seguros de forma r\u00e1pida, clara y profesional.<\/p>\n\n<p>Con m\u00e1s de 10 a\u00f1os de experiencia, hemos acompa\u00f1ado a familias y emprendedores en sus tr\u00e1mites y finanzas, con atenci\u00f3n cercana y confiable. Nuestra misi\u00f3n es hacer que cada cliente se sienta respaldado y avance con tranquilidad en cada paso de su vida o negocio.<\/p>\n\n<p>Confianza, compromiso y servicio personalizado son nuestros pilares.<\/p>\n\t\t\t\t\t\t\t\t<\/div>\n\t\t\t\t<\/div>\n\t\t\t\t\t<\/div>\n\t\t\t\t<\/div>\n\t\t\t\t<\/div>\n\t\t","protected":false},"excerpt":{"rendered":"<p>\u00a0 En Myami Services, ayudamos a nuestra comunidad a crecer, cumplir y protegerse con soluciones de taxes, contabilidad, licencias y seguros de forma r\u00e1pida, clara y profesional. Con m\u00e1s de 10 a\u00f1os de experiencia, hemos acompa\u00f1ado a familias y emprendedores en sus tr\u00e1mites y finanzas, con atenci\u00f3n cercana y confiable. Nuestra misi\u00f3n es hacer que [&hellip;]<\/p>\n","protected":false},"author":1,"featured_media":0,"parent":0,"menu_order":0,"comment_status":"closed","ping_status":"closed","template":"","meta":{"footnotes":""},"class_list":["post-17","page","type-page","status-publish","hentry"],"_links":{"self":[{"href":"https:\/\/myamiservices.net\/index.php?rest_route=\/wp\/v2\/pages\/17","targetHints":{"allow":["GET"]}}],"collection":[{"href":"https:\/\/myamiservices.net\/index.php?rest_route=\/wp\/v2\/pages"}],"about":[{"href":"https:\/\/myamiservices.net\/index.php?rest_route=\/wp\/v2\/types\/page"}],"author":[{"embeddable":true,"href":"https:\/\/myamiservices.net\/index.php?rest_route=\/wp\/v2\/users\/1"}],"replies":[{"embeddable":true,"href":"https:\/\/myamiservices.net\/index.php?rest_route=%2Fwp%2Fv2%2Fcomments&post=17"}],"version-history":[{"count":5,"href":"https:\/\/myamiservices.net\/index.php?rest_route=\/wp\/v2\/pages\/17\/revisions"}],"predecessor-version":[{"id":79,"href":"https:\/\/myamiservices.net\/index.php?rest_route=\/wp\/v2\/pages\/17\/revisions\/79"}],"wp:attachment":[{"href":"https:\/\/myamiservices.net\/index.php?rest_route=%2Fwp%2Fv2%2Fmedia&parent=17"}],"curies":[{"name":"wp","href":"https:\/\/api.w.org\/{rel}","templated":true}]}}